{"id":83162,"date":"2025-12-09T17:55:39","date_gmt":"2025-12-09T15:55:39","guid":{"rendered":"https:\/\/highqvape.de\/?post_type=product&#038;p=83162"},"modified":"2025-12-09T17:56:05","modified_gmt":"2025-12-09T15:56:05","slug":"wassermelone-60ml-2","status":"publish","type":"product","link":"https:\/\/highqvape.de\/be\/eliquid\/wassermelone-60ml-2\/","title":{"rendered":"Wassermelone &#8211; 60ml"},"content":{"rendered":"<h5>Informationen zu E-Liquids von HighQVape<\/h5>\n<p>Dieses E-Liquid wird in Deutschland hergestellt und abgef\u00fcllt. Alle HighQVape Liquids sind <strong>sucralosefrei<\/strong>.<br \/>\nWir verwenden ausschlie\u00dflich Inhaltsstoffe in Pharmaqualit\u00e4t (PG, VG, Nikotin) oder Lebensmittelqualit\u00e4t (Aromen).<\/p>\n<p><strong>Inhaltsstoffe:<\/strong>\u00a0Glyzerin (pflanzlich), Propylenglykol, Aromen, Nikotin (nicht in der St\u00e4rke 0mg\/ml)<br \/>\n<strong>VG\/PG Mischungsverh\u00e4ltnis:<\/strong>\u00a050\/50<br \/>\n<strong>Flasche:<\/strong>\u00a060ml original Chubby Gorilla mit kindersicherer Kappe und Siegelring<\/p>\n<p><strong>Wie wird das E-Liquid geliefert?<\/strong><br \/>\n<strong>EU:<\/strong> Mix &amp; Shake (Longfill Aroma + 1-5x 10ml Nikotinshots)<br \/>\n<strong>Au\u00dferhalb der EU (z.B.Norwegen, Schweiz usw.):<\/strong> Gebrauchsfertig, kein mischen erforderlich<\/p>\n<div class=\"wp-block-spacer\" aria-hidden=\"true\"><\/div>\n<p class=\"has-text-align-left has-palette-color-6-background-color has-background\"><strong>Hinweis f\u00fcr Kunden aus der EU:\u00a0<\/strong>Aufgrund der Tabakrichtlinie der EU d\u00fcrfen an Kunden in der EU nikotinhaltige Liquide nur mit einer maximalen F\u00fcllmenge von 10ml verkauft werden. Aus diesem Grund erhalten EU-Kunden die 60ml als Mix&amp;Shake Liquid. Keine Angst, du musst nur das Basisliquid mit den Nikotinshots mischen, sch\u00fctteln und fertig!<\/p>\n<p><a name=\"Gefahr\"><\/a><\/p>\n<h5>Gefahrenhinweise:<\/h5>\n<p><strong>Einordnung nach CLP-Verordnung bei einem Nikotingehalt von 3-15mg\/ml<\/strong><br \/>\n<img loading=\"lazy\" decoding=\"async\" class=\"alignnone wp-image-63607\" src=\"http:\/\/highqvape.de\/wp-content\/uploads\/2020\/09\/ghs07.png\" alt=\"\" width=\"60\" height=\"60\" \/><\/p>\n<figure class=\"wp-block-table\">\n<table>\n<tbody>\n<tr>\n<td><strong>H-S\u00e4tze<\/strong><\/td>\n<td>H302: Gesundheitssch\u00e4dlich bei Verschlucken.<\/td>\n<\/tr>\n<tr>\n<td><strong>P-S\u00e4tze<\/strong><\/td>\n<td>P101: Ist \u00e4rztlicher Rat erforderlich, Verpackung oder Kennzeichnungsetikett bereithalten.<br \/>\nP102: Darf nicht in die H\u00e4nde von Kindern gelangen.<br \/>\nP301+P312: Bei Verschlucken: Bei Unwohlsein Giftinformationszentrum, Arzt oder \u2026 anrufen.<br \/>\nP330: Mund aussp\u00fclen.<br \/>\nP501: Inhalt \/ Beh\u00e4lter sachgerechter Entsorgung zuf\u00fchren.<\/td>\n<\/tr>\n<\/tbody>\n<\/table>\n<\/figure>\n<div class=\"wp-block-spacer\" aria-hidden=\"true\"><\/div>\n<p><strong>Einordnung nach CLP-Verordnung bei einem Nikotingehalt von 16-20mg\/ml<\/strong><br \/>\n<img loading=\"lazy\" decoding=\"async\" class=\"alignnone wp-image-42414 size-full\" src=\"http:\/\/highqvape.de\/wp-content\/uploads\/2020\/09\/ghs06.gif\" alt=\"\" width=\"60\" height=\"60\" \/><\/p>\n<figure class=\"wp-block-table\">\n<table>\n<tbody>\n<tr>\n<td><strong>H-S\u00e4tze<\/strong><\/td>\n<td>H301: Giftig bei Verschlucken.<\/td>\n<\/tr>\n<tr>\n<td><strong>P-S\u00e4tze<\/strong><\/td>\n<td>P101: Ist \u00e4rztlicher Rat erforderlich, Verpackung oder Kennzeichnungsetikett bereithalten.<br \/>\nP102: Darf nicht in die H\u00e4nde von Kindern gelangen.<br \/>\nP264: Nach Gebrauch H\u00e4nde gr\u00fcndlich waschen.<br \/>\nP301+P310: Bei Verschlucken: Sofort Giftinformationszentrum, Arzt oder \u2026 anrufen.<br \/>\nP405: Unter Verschluss aufbewahren.<br \/>\nP501: Inhalt \/ Beh\u00e4lter sachgerechter Entsorgung zuf\u00fchren.<\/td>\n<\/tr>\n<\/tbody>\n<\/table>\n<\/figure>\n","protected":false},"excerpt":{"rendered":"<p>Schmeckt genial fruchtig nach reifen Erdbeeren, Waldfr\u00fcchten und Wassermelone<\/p>\n","protected":false},"featured_media":81413,"comment_status":"open","ping_status":"closed","template":"","meta":[],"product_cat":[1408,1409,1452],"product_tag":[],"class_list":["post-83162","product","type-product","status-publish","has-post-thumbnail","hentry","product_cat-highqvape-be","product_cat-fruit-be","product_cat-60ml-be-3"],"_links":{"self":[{"href":"https:\/\/highqvape.de\/be\/wp-json\/wp\/v2\/product\/83162","targetHints":{"allow":["GET"]}}],"collection":[{"href":"https:\/\/highqvape.de\/be\/wp-json\/wp\/v2\/product"}],"about":[{"href":"https:\/\/highqvape.de\/be\/wp-json\/wp\/v2\/types\/product"}],"replies":[{"embeddable":true,"href":"https:\/\/highqvape.de\/be\/wp-json\/wp\/v2\/comments?post=83162"}],"wp:featuredmedia":[{"embeddable":true,"href":"https:\/\/highqvape.de\/be\/wp-json\/wp\/v2\/media\/81413"}],"wp:attachment":[{"href":"https:\/\/highqvape.de\/be\/wp-json\/wp\/v2\/media?parent=83162"}],"wp:term":[{"taxonomy":"product_cat","embeddable":true,"href":"https:\/\/highqvape.de\/be\/wp-json\/wp\/v2\/product_cat?post=83162"},{"taxonomy":"product_tag","embeddable":true,"href":"https:\/\/highqvape.de\/be\/wp-json\/wp\/v2\/product_tag?post=83162"}],"curies":[{"name":"wp","href":"https:\/\/api.w.org\/{rel}","templated":true}]}}